{"id":36374,"date":"2024-05-15T09:07:57","date_gmt":"2024-05-15T13:07:57","guid":{"rendered":"https:\/\/krp.stageweb.net\/assistance\/garanties-et-politiques"},"modified":"2024-12-04T12:20:57","modified_gmt":"2024-12-04T17:20:57","slug":"garanties-et-politiques","status":"publish","type":"page","link":"https:\/\/k-rp.com\/fr\/assistance\/garanties-et-politiques","title":{"rendered":"Garanties et politiques"},"content":{"rendered":"\t\t<div data-elementor-type=\"wp-page\" data-elementor-id=\"36374\" class=\"elementor elementor-36374 elementor-31298\" data-elementor-post-type=\"page\">\n\t\t\t\t<div class=\"elementor-element elementor-element-a2be941 e-flex e-con-boxed e-con e-parent\" data-id=\"a2be941\" data-element_type=\"container\" data-e-type=\"container\" data-settings=\"{&quot;background_background&quot;:&quot;classic&quot;}\">\n\t\t\t\t\t<div class=\"e-con-inner\">\n\t\t\t\t<div class=\"elementor-element elementor-element-19bd239 elementor-widget elementor-widget-n-accordion\" data-id=\"19bd239\" data-element_type=\"widget\" data-e-type=\"widget\" data-settings=\"{&quot;default_state&quot;:&quot;all_collapsed&quot;,&quot;n_accordion_animation_duration&quot;:{&quot;unit&quot;:&quot;ms&quot;,&quot;size&quot;:200,&quot;sizes&quot;:[]},&quot;max_items_expended&quot;:&quot;one&quot;}\" data-widget_type=\"nested-accordion.default\">\n\t\t\t\t<div class=\"elementor-widget-container\">\n\t\t\t\t\t\t\t<div class=\"e-n-accordion\" aria-label=\"Accordion. Open links with Enter or Space, close with Escape, and navigate with Arrow Keys\">\n\t\t\t\t\t\t<details id=\"e-n-accordion-item-2690\" class=\"e-n-accordion-item\" >\n\t\t\t\t<summary class=\"e-n-accordion-item-title\" data-accordion-index=\"1\" tabindex=\"0\" aria-expanded=\"false\" aria-controls=\"e-n-accordion-item-2690\" >\n\t\t\t\t\t<span class='e-n-accordion-item-title-header'><div class=\"e-n-accordion-item-title-text\"> Chercher des manuels et l&rsquo;assistance produits <\/div><\/span>\n\t\t\t\t\t\t\t<span class='e-n-accordion-item-title-icon'>\n\t\t\t<span class='e-opened' ><svg aria-hidden=\"true\" class=\"e-font-icon-svg e-fas-minus\" viewBox=\"0 0 448 512\" xmlns=\"http:\/\/www.w3.org\/2000\/svg\"><path d=\"M416 208H32c-17.67 0-32 14.33-32 32v32c0 17.67 14.33 32 32 32h384c17.67 0 32-14.33 32-32v-32c0-17.67-14.33-32-32-32z\"><\/path><\/svg><\/span>\n\t\t\t<span class='e-closed'><svg xmlns=\"http:\/\/www.w3.org\/2000\/svg\" xmlns:xlink=\"http:\/\/www.w3.org\/1999\/xlink\" x=\"0px\" y=\"0px\" viewBox=\"-456 261.3 46.3 38.7\" style=\"enable-background:new -456 261.3 46.3 38.7;\" xml:space=\"preserve\"><path d=\"M-440.8,283.4c-0.4,0-0.8-0.1-1.1-0.4c-2.1-2.1-2.7-5.3-1.5-8.1c0.4-0.8,0.9-1.6,1.5-2.2s1.5-0.6,2.1,0s0.6,1.5,0,2.1 c-0.4,0.4-0.7,0.8-0.9,1.3c-0.7,1.6-0.4,3.5,0.9,4.8c0.6,0.6,0.6,1.5,0,2.1C-440,283.2-440.4,283.4-440.8,283.4z\"><\/path><path d=\"M-417.4,293.9l-8.3-10c0,0-0.1,0-0.1-0.1c3.2-4.4,2.4-10.6-2-15.2c-2.4-2.4-5.5-3.7-8.9-3.7s-6.5,1.3-8.9,3.7 s-3.7,5.5-3.7,8.9s1.3,6.5,3.7,8.9c2.4,2.4,5.5,3.7,8.9,3.7c2.7,0,4.2-0.1,6.3-1.7c0,0,0,0.1,0.1,0.1l10,8.3 c0.4,0.4,0.9,0.6,1.4,0.6s1-0.2,1.4-0.6C-416.6,295.9-416.6,294.7-417.4,293.9z M-436.7,287c-2.5,0-4.9-1-6.7-2.8 c-1.8-1.8-2.8-4.2-2.8-6.7s1-4.9,2.8-6.7c1.8-1.8,4.2-2.8,6.7-2.8s4.9,1,6.7,2.8c3.7,3.7,3.7,9.8,0,13.5 C-431.7,286-434.1,287-436.7,287z\"><\/path><\/svg><\/span>\n\t\t<\/span>\n\n\t\t\t\t\t\t<\/summary>\n\t\t\t\t<div role=\"region\" aria-labelledby=\"e-n-accordion-item-2690\" class=\"elementor-element elementor-element-c7b7b6f e-con-full e-flex e-con e-child\" data-id=\"c7b7b6f\" data-element_type=\"container\" data-e-type=\"container\">\n\t\t\t\t<\/div>\n\t\t\t\t\t<\/details>\n\t\t\t\t\t<\/div>\n\t\t\t\t\t\t<\/div>\n\t\t\t\t<\/div>\n\t\t\t\t\t<\/div>\n\t\t\t\t<\/div>\n\t\t<div class=\"elementor-element elementor-element-086973c e-flex e-con-boxed e-con e-parent\" data-id=\"086973c\" data-element_type=\"container\" data-e-type=\"container\" data-settings=\"{&quot;background_background&quot;:&quot;classic&quot;}\">\n\t\t\t\t\t<div class=\"e-con-inner\">\n\t\t<div class=\"elementor-element elementor-element-75e387b e-con-full e-flex e-con e-child\" data-id=\"75e387b\" data-element_type=\"container\" data-e-type=\"container\">\n\t\t\t\t<div class=\"elementor-element elementor-element-ce6922c elementor-widget elementor-widget-heading\" data-id=\"ce6922c\" data-element_type=\"widget\" data-e-type=\"widget\" data-widget_type=\"heading.default\">\n\t\t\t\t<div class=\"elementor-widget-container\">\n\t\t\t\t\t<div class=\"elementor-heading-title elementor-size-default\">Garanties et politiques<\/div>\t\t\t\t<\/div>\n\t\t\t\t<\/div>\n\t\t\t\t<\/div>\n\t\t<div class=\"elementor-element elementor-element-ab0a2bf e-con-full e-flex e-con e-child\" data-id=\"ab0a2bf\" data-element_type=\"container\" data-e-type=\"container\">\n\t\t\t\t<div class=\"elementor-element elementor-element-9ff4f3f elementor-widget elementor-widget-heading\" data-id=\"9ff4f3f\" data-element_type=\"widget\" data-e-type=\"widget\" data-widget_type=\"heading.default\">\n\t\t\t\t<div class=\"elementor-widget-container\">\n\t\t\t\t\t<div class=\"elementor-heading-title elementor-size-default\">KeepRite Refrigeration soutient chaque produit de r&eacute;frig&eacute;ration avec l&rsquo;une des meilleures garanties limit&eacute;es de l&rsquo;industrie.<\/div>\t\t\t\t<\/div>\n\t\t\t\t<\/div>\n\t\t\t\t<div class=\"elementor-element elementor-element-a37dcf2 elementor-widget elementor-widget-text-editor\" data-id=\"a37dcf2\" data-element_type=\"widget\" data-e-type=\"widget\" data-widget_type=\"text-editor.default\">\n\t\t\t\t<div class=\"elementor-widget-container\">\n\t\t\t\t\t\t\t\t\t<p>Au cours de la premi\u00e8re ann\u00e9e suivant l\u2019installation initiale de notre \u00e9quipement, nous remplacerons gratuitement tout composant de notre \u00e9quipement pr\u00e9sentant un d\u00e9faut de mat\u00e9riel ou de fabrication (sous r\u00e9serve de certaines conditions).<\/p><p><strong>Assistance en direct<\/strong> disponible du lundi au vendredi, de 8 h \u00e0 16 h 30 HNE.<\/p>\t\t\t\t\t\t\t\t<\/div>\n\t\t\t\t<\/div>\n\t\t\t\t<div class=\"elementor-element elementor-element-cf16f3e linksList elementor-icon-list--layout-traditional elementor-list-item-link-full_width elementor-widget elementor-widget-icon-list\" data-id=\"cf16f3e\" data-element_type=\"widget\" data-e-type=\"widget\" data-widget_type=\"icon-list.default\">\n\t\t\t\t<div class=\"elementor-widget-container\">\n\t\t\t\t\t\t\t<ul class=\"elementor-icon-list-items\">\n\t\t\t\t\t\t\t<li class=\"elementor-icon-list-item\">\n\t\t\t\t\t\t\t\t\t\t\t<a href=\"mailto:warranty@k-rp.com\">\n\n\t\t\t\t\t\t\t\t\t\t\t\t<span class=\"elementor-icon-list-icon\">\n\t\t\t\t\t\t\t<svg aria-hidden=\"true\" class=\"e-font-icon-svg e-fas-circle\" viewBox=\"0 0 512 512\" xmlns=\"http:\/\/www.w3.org\/2000\/svg\"><path d=\"M256 8C119 8 8 119 8 256s111 248 248 248 248-111 248-248S393 8 256 8z\"><\/path><\/svg>\t\t\t\t\t\t<\/span>\n\t\t\t\t\t\t\t\t\t\t<span class=\"elementor-icon-list-text\">warranty@k-rp.com<\/span>\n\t\t\t\t\t\t\t\t\t\t\t<\/a>\n\t\t\t\t\t\t\t\t\t<\/li>\n\t\t\t\t\t\t\t\t<li class=\"elementor-icon-list-item\">\n\t\t\t\t\t\t\t\t\t\t\t<a href=\"tel:18448933222\">\n\n\t\t\t\t\t\t\t\t\t\t\t\t<span class=\"elementor-icon-list-icon\">\n\t\t\t\t\t\t\t<svg aria-hidden=\"true\" class=\"e-font-icon-svg e-fas-circle\" viewBox=\"0 0 512 512\" xmlns=\"http:\/\/www.w3.org\/2000\/svg\"><path d=\"M256 8C119 8 8 119 8 256s111 248 248 248 248-111 248-248S393 8 256 8z\"><\/path><\/svg>\t\t\t\t\t\t<\/span>\n\t\t\t\t\t\t\t\t\t\t<span class=\"elementor-icon-list-text\">1&nbsp;844&nbsp;893-3222 poste 507<\/span>\n\t\t\t\t\t\t\t\t\t\t\t<\/a>\n\t\t\t\t\t\t\t\t\t<\/li>\n\t\t\t\t\t\t\t\t<li class=\"elementor-icon-list-item\">\n\t\t\t\t\t\t\t\t\t\t\t<a href=\"https:\/\/docs.k-rp.com\/1106741.pdf\" target=\"_blank\">\n\n\t\t\t\t\t\t\t\t\t\t\t\t<span class=\"elementor-icon-list-icon\">\n\t\t\t\t\t\t\t<svg aria-hidden=\"true\" class=\"e-font-icon-svg e-fas-circle\" viewBox=\"0 0 512 512\" xmlns=\"http:\/\/www.w3.org\/2000\/svg\"><path d=\"M256 8C119 8 8 119 8 256s111 248 248 248 248-111 248-248S393 8 256 8z\"><\/path><\/svg>\t\t\t\t\t\t<\/span>\n\t\t\t\t\t\t\t\t\t\t<span class=\"elementor-icon-list-text\">Consultez nos Conditions g&eacute;n&eacute;rales de vente \/ Garantie g&eacute;n&eacute;rale \/ Proc&eacute;dures de r&eacute;clamation (PDF)<\/span>\n\t\t\t\t\t\t\t\t\t\t\t<\/a>\n\t\t\t\t\t\t\t\t\t<\/li>\n\t\t\t\t\t\t\t\t<li class=\"elementor-icon-list-item\">\n\t\t\t\t\t\t\t\t\t\t\t<a href=\"https:\/\/docs.k-rp.com\/CS-005_KFP.pdf\" target=\"_blank\">\n\n\t\t\t\t\t\t\t\t\t\t\t\t<span class=\"elementor-icon-list-icon\">\n\t\t\t\t\t\t\t<svg aria-hidden=\"true\" class=\"e-font-icon-svg e-fas-circle\" viewBox=\"0 0 512 512\" xmlns=\"http:\/\/www.w3.org\/2000\/svg\"><path d=\"M256 8C119 8 8 119 8 256s111 248 248 248 248-111 248-248S393 8 256 8z\"><\/path><\/svg>\t\t\t\t\t\t<\/span>\n\t\t\t\t\t\t\t\t\t\t<span class=\"elementor-icon-list-text\">Consultez notre politique de transport (PDF)<\/span>\n\t\t\t\t\t\t\t\t\t\t\t<\/a>\n\t\t\t\t\t\t\t\t\t<\/li>\n\t\t\t\t\t\t<\/ul>\n\t\t\t\t\t\t<\/div>\n\t\t\t\t<\/div>\n\t\t\t\t<\/div>\n\t\t\t\t\t<\/div>\n\t\t\t\t<\/div>\n\t\t\t\t<\/div>\n\t\t","protected":false},"excerpt":{"rendered":"<p>Chercher des manuels et l&rsquo;assistance produits Rechercher des manuels et des sp\u00e9cifications Rechercher par nom ou par mod\u00e8le Parcourez par : Cat\u00e9gorie Cat\u00e9gorie&Eacute;vaporateursCondenseursGroupes compresseur-condenseurGroupes de compresseurs multiplesGroupes de traitement de l&rsquo;airMod&egrave;les d&eacute;class&eacute;sR&eacute;cup&eacute;rateurs de chaleurRefroidisseurs de liquidesSerpentinsSyst&egrave;mes de compresseurs parall&egrave;les Mod\u00e8leCCUCFA\/CRWCRAHCUJBCJBFJUCKKABKACKAFKAHKAPKCKCCKCHKCLKCMKCSKDCKDFKDXKEKEHKEPKESKEZKFKFLKFMKHKHDKHFKHPKHRKLKKLPKLSKLVKMKMHKMKKMPKMRKQKQHKQZKRKRCKRCDKSKTLKTMKTWKUCKVKVCKWKXKZOCUOHCUPCCRTKTWB Technologie TechnologieESP+LIMITROL+LINK\/LINK+QUIETUNITSMARTSPEEDMCSMART\u00b3THERMOSAVERMC\u00e0 commutation \u00e9lectronique (EC) Rechercher des manuels et des sp\u00e9cifications Rechercher par nom ou [&hellip;]<\/p>\n","protected":false},"author":1,"featured_media":0,"parent":36338,"menu_order":0,"comment_status":"closed","ping_status":"closed","template":"","meta":{"_acf_changed":false,"footnotes":""},"class_list":["post-36374","page","type-page","status-publish","hentry"],"acf":[],"yoast_head":"<!-- This site is optimized with the Yoast SEO Premium plugin v27.3 (Yoast SEO v27.3) - https:\/\/yoast.com\/product\/yoast-seo-premium-wordpress\/ -->\n<title>Garanties et politiques | KeepRite Refrigeration<\/title>\n<meta name=\"robots\" content=\"index, follow, max-snippet:-1, max-image-preview:large, max-video-preview:-1\" \/>\n<link rel=\"canonical\" href=\"https:\/\/k-rp.com\/fr\/assistance\/garanties-et-politiques\" \/>\n<meta property=\"og:locale\" content=\"fr_FR\" \/>\n<meta property=\"og:type\" content=\"article\" \/>\n<meta property=\"og:title\" content=\"Garanties et politiques\" \/>\n<meta property=\"og:description\" content=\"Chercher des manuels et l&rsquo;assistance produits Rechercher des manuels et des sp\u00e9cifications Rechercher par nom ou par mod\u00e8le Parcourez par : Cat\u00e9gorie Cat\u00e9gorie&Eacute;vaporateursCondenseursGroupes compresseur-condenseurGroupes de compresseurs multiplesGroupes de traitement de l&rsquo;airMod&egrave;les d&eacute;class&eacute;sR&eacute;cup&eacute;rateurs de chaleurRefroidisseurs de liquidesSerpentinsSyst&egrave;mes de compresseurs parall&egrave;les Mod\u00e8leCCUCFA\/CRWCRAHCUJBCJBFJUCKKABKACKAFKAHKAPKCKCCKCHKCLKCMKCSKDCKDFKDXKEKEHKEPKESKEZKFKFLKFMKHKHDKHFKHPKHRKLKKLPKLSKLVKMKMHKMKKMPKMRKQKQHKQZKRKRCKRCDKSKTLKTMKTWKUCKVKVCKWKXKZOCUOHCUPCCRTKTWB Technologie TechnologieESP+LIMITROL+LINK\/LINK+QUIETUNITSMARTSPEEDMCSMART\u00b3THERMOSAVERMC\u00e0 commutation \u00e9lectronique (EC) Rechercher des manuels et des sp\u00e9cifications Rechercher par nom ou [&hellip;]\" \/>\n<meta property=\"og:url\" content=\"https:\/\/k-rp.com\/fr\/assistance\/garanties-et-politiques\" \/>\n<meta property=\"og:site_name\" content=\"KeepRite Refrigeration\" \/>\n<meta property=\"article:modified_time\" content=\"2024-12-04T17:20:57+00:00\" \/>\n<meta name=\"twitter:card\" content=\"summary_large_image\" \/>\n<meta name=\"twitter:label1\" content=\"Dur\u00e9e de lecture estim\u00e9e\" \/>\n\t<meta name=\"twitter:data1\" content=\"2 minutes\" \/>\n<script type=\"application\/ld+json\" class=\"yoast-schema-graph\">{\"@context\":\"https:\\\/\\\/schema.org\",\"@graph\":[{\"@type\":\"WebPage\",\"@id\":\"https:\\\/\\\/k-rp.com\\\/fr\\\/assistance\\\/garanties-et-politiques\",\"url\":\"https:\\\/\\\/k-rp.com\\\/fr\\\/assistance\\\/garanties-et-politiques\",\"name\":\"Garanties et politiques | KeepRite Refrigeration\",\"isPartOf\":{\"@id\":\"https:\\\/\\\/k-rp.com\\\/fr#website\"},\"datePublished\":\"2024-05-15T13:07:57+00:00\",\"dateModified\":\"2024-12-04T17:20:57+00:00\",\"breadcrumb\":{\"@id\":\"https:\\\/\\\/k-rp.com\\\/fr\\\/assistance\\\/garanties-et-politiques#breadcrumb\"},\"inLanguage\":\"fr-FR\",\"potentialAction\":[{\"@type\":\"ReadAction\",\"target\":[\"https:\\\/\\\/k-rp.com\\\/fr\\\/assistance\\\/garanties-et-politiques\"]}]},{\"@type\":\"BreadcrumbList\",\"@id\":\"https:\\\/\\\/k-rp.com\\\/fr\\\/assistance\\\/garanties-et-politiques#breadcrumb\",\"itemListElement\":[{\"@type\":\"ListItem\",\"position\":1,\"name\":\"Page d'accueil\",\"item\":\"https:\\\/\\\/k-rp.com\\\/fr\"},{\"@type\":\"ListItem\",\"position\":2,\"name\":\"Assistance\",\"item\":\"https:\\\/\\\/k-rp.com\\\/fr\\\/assistance\"},{\"@type\":\"ListItem\",\"position\":3,\"name\":\"Garanties et politiques\"}]},{\"@type\":\"WebSite\",\"@id\":\"https:\\\/\\\/k-rp.com\\\/fr#website\",\"url\":\"https:\\\/\\\/k-rp.com\\\/fr\",\"name\":\"KeepRite Refrigeration\",\"description\":\"For 80 years, KeepRite Refrigeration has been a leader in the commercial refrigeration industry, offering solutions that best suit your needs.\",\"publisher\":{\"@id\":\"https:\\\/\\\/k-rp.com\\\/fr#organization\"},\"potentialAction\":[{\"@type\":\"SearchAction\",\"target\":{\"@type\":\"EntryPoint\",\"urlTemplate\":\"https:\\\/\\\/k-rp.com\\\/fr?s={search_term_string}\"},\"query-input\":{\"@type\":\"PropertyValueSpecification\",\"valueRequired\":true,\"valueName\":\"search_term_string\"}}],\"inLanguage\":\"fr-FR\"},{\"@type\":[\"Organization\",\"Place\"],\"@id\":\"https:\\\/\\\/k-rp.com\\\/fr#organization\",\"name\":\"KeepRite Refrigeration\",\"url\":\"https:\\\/\\\/k-rp.com\\\/fr\",\"logo\":{\"@id\":\"https:\\\/\\\/k-rp.com\\\/fr\\\/assistance\\\/garanties-et-politiques#local-main-organization-logo\"},\"image\":{\"@id\":\"https:\\\/\\\/k-rp.com\\\/fr\\\/assistance\\\/garanties-et-politiques#local-main-organization-logo\"},\"telephone\":[],\"openingHoursSpecification\":[{\"@type\":\"OpeningHoursSpecification\",\"dayOfWeek\":[\"Sunday\",\"Monday\",\"Tuesday\",\"Wednesday\",\"Thursday\",\"Friday\",\"Saturday\"],\"opens\":\"09:00\",\"closes\":\"17:00\"}]},{\"@type\":\"ImageObject\",\"inLanguage\":\"fr-FR\",\"@id\":\"https:\\\/\\\/k-rp.com\\\/fr\\\/assistance\\\/garanties-et-politiques#local-main-organization-logo\",\"url\":\"https:\\\/\\\/k-rp.com\\\/assets\\\/uploads\\\/product-logo.png\",\"contentUrl\":\"https:\\\/\\\/k-rp.com\\\/assets\\\/uploads\\\/product-logo.png\",\"width\":1000,\"height\":650,\"caption\":\"KeepRite Refrigeration\"}]}<\/script>\n<!-- \/ Yoast SEO Premium plugin. -->","yoast_head_json":{"title":"Garanties et politiques | KeepRite Refrigeration","robots":{"index":"index","follow":"follow","max-snippet":"max-snippet:-1","max-image-preview":"max-image-preview:large","max-video-preview":"max-video-preview:-1"},"canonical":"https:\/\/k-rp.com\/fr\/assistance\/garanties-et-politiques","og_locale":"fr_FR","og_type":"article","og_title":"Garanties et politiques","og_description":"Chercher des manuels et l&rsquo;assistance produits Rechercher des manuels et des sp\u00e9cifications Rechercher par nom ou par mod\u00e8le Parcourez par : Cat\u00e9gorie Cat\u00e9gorie&Eacute;vaporateursCondenseursGroupes compresseur-condenseurGroupes de compresseurs multiplesGroupes de traitement de l&rsquo;airMod&egrave;les d&eacute;class&eacute;sR&eacute;cup&eacute;rateurs de chaleurRefroidisseurs de liquidesSerpentinsSyst&egrave;mes de compresseurs parall&egrave;les Mod\u00e8leCCUCFA\/CRWCRAHCUJBCJBFJUCKKABKACKAFKAHKAPKCKCCKCHKCLKCMKCSKDCKDFKDXKEKEHKEPKESKEZKFKFLKFMKHKHDKHFKHPKHRKLKKLPKLSKLVKMKMHKMKKMPKMRKQKQHKQZKRKRCKRCDKSKTLKTMKTWKUCKVKVCKWKXKZOCUOHCUPCCRTKTWB Technologie TechnologieESP+LIMITROL+LINK\/LINK+QUIETUNITSMARTSPEEDMCSMART\u00b3THERMOSAVERMC\u00e0 commutation \u00e9lectronique (EC) Rechercher des manuels et des sp\u00e9cifications Rechercher par nom ou [&hellip;]","og_url":"https:\/\/k-rp.com\/fr\/assistance\/garanties-et-politiques","og_site_name":"KeepRite Refrigeration","article_modified_time":"2024-12-04T17:20:57+00:00","twitter_card":"summary_large_image","twitter_misc":{"Dur\u00e9e de lecture estim\u00e9e":"2 minutes"},"schema":{"@context":"https:\/\/schema.org","@graph":[{"@type":"WebPage","@id":"https:\/\/k-rp.com\/fr\/assistance\/garanties-et-politiques","url":"https:\/\/k-rp.com\/fr\/assistance\/garanties-et-politiques","name":"Garanties et politiques | KeepRite Refrigeration","isPartOf":{"@id":"https:\/\/k-rp.com\/fr#website"},"datePublished":"2024-05-15T13:07:57+00:00","dateModified":"2024-12-04T17:20:57+00:00","breadcrumb":{"@id":"https:\/\/k-rp.com\/fr\/assistance\/garanties-et-politiques#breadcrumb"},"inLanguage":"fr-FR","potentialAction":[{"@type":"ReadAction","target":["https:\/\/k-rp.com\/fr\/assistance\/garanties-et-politiques"]}]},{"@type":"BreadcrumbList","@id":"https:\/\/k-rp.com\/fr\/assistance\/garanties-et-politiques#breadcrumb","itemListElement":[{"@type":"ListItem","position":1,"name":"Page d'accueil","item":"https:\/\/k-rp.com\/fr"},{"@type":"ListItem","position":2,"name":"Assistance","item":"https:\/\/k-rp.com\/fr\/assistance"},{"@type":"ListItem","position":3,"name":"Garanties et politiques"}]},{"@type":"WebSite","@id":"https:\/\/k-rp.com\/fr#website","url":"https:\/\/k-rp.com\/fr","name":"KeepRite Refrigeration","description":"For 80 years, KeepRite Refrigeration has been a leader in the commercial refrigeration industry, offering solutions that best suit your needs.","publisher":{"@id":"https:\/\/k-rp.com\/fr#organization"},"potentialAction":[{"@type":"SearchAction","target":{"@type":"EntryPoint","urlTemplate":"https:\/\/k-rp.com\/fr?s={search_term_string}"},"query-input":{"@type":"PropertyValueSpecification","valueRequired":true,"valueName":"search_term_string"}}],"inLanguage":"fr-FR"},{"@type":["Organization","Place"],"@id":"https:\/\/k-rp.com\/fr#organization","name":"KeepRite Refrigeration","url":"https:\/\/k-rp.com\/fr","logo":{"@id":"https:\/\/k-rp.com\/fr\/assistance\/garanties-et-politiques#local-main-organization-logo"},"image":{"@id":"https:\/\/k-rp.com\/fr\/assistance\/garanties-et-politiques#local-main-organization-logo"},"telephone":[],"openingHoursSpecification":[{"@type":"OpeningHoursSpecification","dayOfWeek":["Sunday","Monday","Tuesday","Wednesday","Thursday","Friday","Saturday"],"opens":"09:00","closes":"17:00"}]},{"@type":"ImageObject","inLanguage":"fr-FR","@id":"https:\/\/k-rp.com\/fr\/assistance\/garanties-et-politiques#local-main-organization-logo","url":"https:\/\/k-rp.com\/assets\/uploads\/product-logo.png","contentUrl":"https:\/\/k-rp.com\/assets\/uploads\/product-logo.png","width":1000,"height":650,"caption":"KeepRite Refrigeration"}]}},"_links":{"self":[{"href":"https:\/\/k-rp.com\/fr\/wp-json\/wp\/v2\/pages\/36374","targetHints":{"allow":["GET"]}}],"collection":[{"href":"https:\/\/k-rp.com\/fr\/wp-json\/wp\/v2\/pages"}],"about":[{"href":"https:\/\/k-rp.com\/fr\/wp-json\/wp\/v2\/types\/page"}],"author":[{"embeddable":true,"href":"https:\/\/k-rp.com\/fr\/wp-json\/wp\/v2\/users\/1"}],"replies":[{"embeddable":true,"href":"https:\/\/k-rp.com\/fr\/wp-json\/wp\/v2\/comments?post=36374"}],"version-history":[{"count":4,"href":"https:\/\/k-rp.com\/fr\/wp-json\/wp\/v2\/pages\/36374\/revisions"}],"predecessor-version":[{"id":36718,"href":"https:\/\/k-rp.com\/fr\/wp-json\/wp\/v2\/pages\/36374\/revisions\/36718"}],"up":[{"embeddable":true,"href":"https:\/\/k-rp.com\/fr\/wp-json\/wp\/v2\/pages\/36338"}],"wp:attachment":[{"href":"https:\/\/k-rp.com\/fr\/wp-json\/wp\/v2\/media?parent=36374"}],"curies":[{"name":"wp","href":"https:\/\/api.w.org\/{rel}","templated":true}]}}