{"id":36422,"date":"2024-07-16T11:03:54","date_gmt":"2024-07-16T15:03:54","guid":{"rendered":"https:\/\/krp.stageweb.net\/politique-de-confidentialit"},"modified":"2025-06-16T17:50:28","modified_gmt":"2025-06-16T21:50:28","slug":"politique-de-confidentialite","status":"publish","type":"page","link":"https:\/\/k-rp.com\/fr\/politique-de-confidentialite","title":{"rendered":"Politique de confidentialit\u00e9"},"content":{"rendered":"\t\t<div data-elementor-type=\"wp-page\" data-elementor-id=\"36422\" class=\"elementor elementor-36422 elementor-32254\" data-elementor-post-type=\"page\">\n\t\t\t\t<div class=\"elementor-element elementor-element-086973c e-flex e-con-boxed e-con e-parent\" data-id=\"086973c\" data-element_type=\"container\" data-e-type=\"container\" data-settings=\"{&quot;background_background&quot;:&quot;classic&quot;}\">\n\t\t\t\t\t<div class=\"e-con-inner\">\n\t\t<div class=\"elementor-element elementor-element-ab0a2bf e-con-full e-flex e-con e-child\" data-id=\"ab0a2bf\" data-element_type=\"container\" data-e-type=\"container\">\n\t\t\t\t<div class=\"elementor-element elementor-element-a37dcf2 links elementor-widget elementor-widget-text-editor\" data-id=\"a37dcf2\" data-element_type=\"widget\" data-e-type=\"widget\" data-widget_type=\"text-editor.default\">\n\t\t\t\t<div class=\"elementor-widget-container\">\n\t\t\t\t\t\t\t\t\t<p><strong>KeepRite Refrigeration<\/strong>\u00a0(d\u00e9sign\u00e9s aux pr\u00e9sentes par \u00ab\u00a0nous\u00a0\u00bb, \u00ab\u00a0notre\u00a0\u00bb ou \u00ab\u00a0nos\u00a0\u00bb) respectent la vie priv\u00e9e des visiteurs de <a role=\"link\" href=\"https:\/\/k-rp.com\/\">https:\/\/k-rp.com<\/a>\u00a0(ci-dessous d\u00e9sign\u00e9 par \u00ab\u00a0le Site\u00a0\u00bb). Cette politique de confidentialit\u00e9 r\u00e9sume les informations que nous pouvons recueillir aupr\u00e8s d\u2019un visiteur (ci-dessous d\u00e9sign\u00e9 par \u00ab\u00a0vous\u00a0\u00bb), les raisons pour lesquelles nous recueillons ces informations, ce que nous en ferons et n\u2019en ferons pas et comment nous les prot\u00e9gerons.<\/p><p>La plus r\u00e9cente mise \u00e0 jour de cette politique de confidentialit\u00e9 date du jeudi 26 septembre 2019. En utilisant le Site, vous acceptez la collecte et l\u2019utilisation des informations conform\u00e9ment \u00e0 cette politique.<\/p><p>Le Site contient des liens vers d\u2019autres sites. Nous d\u00e9clinons toute responsabilit\u00e9 en ce qui a trait au contenu ou aux pratiques de confidentialit\u00e9 de ces sites Web. Nous vous encourageons \u00e0 \u00eatre vigilant lorsque vous quittez le Site et \u00e0 lire les politiques de confidentialit\u00e9 de tout autre site Web qui recueille des informations personnelles identifiables.<\/p><p><strong>Qu\u2019est-ce qu\u2019une information personnelle identifiable?<\/strong><\/p><p>Une \u00ab information personnelle identifiable \u00bb d\u00e9signe toute information pouvant \u00eatre utilis\u00e9e pour vous identifier en tant qu\u2019individu, telle que\u00a0:<\/p><ul><li>Votre nom, votre entreprise, votre adresse, votre adresse courriel ou votre num\u00e9ro de t\u00e9l\u00e9phone<\/li><li>L\u2019adresse IP de votre ordinateur, indiquant o\u00f9 il se trouve sur Internet<\/li><li>Les fichiers de t\u00e9moin (cookies) et donn\u00e9es de session de navigation<\/li><\/ul><p><strong>Quelles informations personnelles recueillons-nous?<\/strong><\/p><p><strong>i. Les informations que vous nous fournissez<\/strong><br \/>Certaines parties du Site peuvent vous demander de fournir volontairement des informations personnelles lors de la soumission de notre formulaire de contact ou de l\u2019inscription \u00e0 notre bulletin \u00e9lectronique.<\/p><p><strong>ii. Les informations recueillies automatiquement<\/strong><br \/>Lorsque vous visitez le Site, comme la plupart des autres sites Web, nous pouvons \u00e9galement recueillir automatiquement certaines informations \u00e0 partir de votre navigateur, telles que le type d&rsquo;appareil que vous utilisez, des informations g\u00e9ographiques g\u00e9n\u00e9rales (comme le pays ou la ville), le site Web de r\u00e9f\u00e9rence, les pages visit\u00e9es par votre appareil et l\u2019heure \u00e0 laquelle votre appareil a visit\u00e9 le Site. Nous pouvons utiliser des cookies, des pixels invisibles et d\u2019autres technologies de suivi similaires pour collecter ces informations. Notre utilisation des cookies et autres technologies de suivi est pr\u00e9sent\u00e9e plus en d\u00e9tail \u00e0 la section \u00ab Cookies et suivi de tiers \u00bb de la pr\u00e9sente politique de confidentialit\u00e9.<\/p><p><strong>Pourquoi nous recueillons des informations personnelles<\/strong><\/p><p><strong>i. Pour vous fournir les informations que vous avez demand\u00e9es<\/strong><br \/>Pour r\u00e9pondre \u00e0 vos demandes concernant nos services ou \u00e0 d\u2019autres demandes de renseignements.<\/p><p><strong>ii. Pour nos communications de marketing<\/strong><br \/>Pour vous contacter avec des communications de marketing et vous proposer des publicit\u00e9s pertinentes lorsque vous naviguez sur d\u2019autres sites sur Internet.<\/p><p><strong>iii. \u00c0 des fins d\u2019analyse commerciale<\/strong><br \/>Pour suivre le comportement au niveau agr\u00e9g\u00e9\/anonyme afin d\u2019identifier et de comprendre les tendances d\u2019utilisation et les diff\u00e9rentes interactions avec le Site et le contenu marketing en ligne, et pour effectuer des analyses et des pr\u00e9visions commerciales internes afin d\u2019am\u00e9liorer le Site, nos efforts de marketing et nos services.<\/p><p><strong>iv. Pour l\u2019optimisation du site Web<\/strong><br \/>Pour administrer le site et les op\u00e9rations internes, dont le d\u00e9pannage, l\u2019analyse des donn\u00e9es, les tests, la recherche et les statistiques, pour comprendre comment le site est utilis\u00e9 et pour am\u00e9liorer le contenu et l\u2019exp\u00e9rience utilisateur du Site, et dans le cadre de nos efforts pour maintenir le Site s\u00fbr et s\u00e9curis\u00e9.<\/p><p><strong>v. Pour les dossiers juridiques<\/strong><br \/>Afin de nous conformer aux exigences, accords et politiques juridiques applicables.<\/p><p><strong>Si vous nous fournissez des renseignements personnels\u00a0:<\/strong><\/p><ul><li>Nous ne les vendrons pas et ne les louerons pas \u00e0 des tiers<\/li><li>Nous prendrons des pr\u00e9cautions commerciales raisonnables pour prot\u00e9ger ces renseignements contre leur perte, utilisation abusive, acc\u00e8s, divulgation, alt\u00e9ration et destruction non autoris\u00e9s<\/li><\/ul><p><strong>Nous n\u2019utiliserons ni ne divulguerons ces renseignements, sauf :<\/strong><\/p><ul><li>S\u2019ils sont n\u00e9cessaires pour fournir les informations ou les services que vous avez demand\u00e9s<\/li><li>\u00c0 d\u2019autres fins d\u00e9crites dans la pr\u00e9sente politique de confidentialit\u00e9 ou auxquelles vous avez autrement consenti<\/li><li>Regroup\u00e9s avec d\u2019autres informations de telle mani\u00e8re que votre identit\u00e9 ne puisse raisonnablement \u00eatre d\u00e9termin\u00e9e (par exemple, dans des compilations statistiques)<\/li><li>Comme l\u2019exige la loi, par exemple, en r\u00e9ponse \u00e0 une assignation \u00e0 compara\u00eetre ou \u00e0 un mandat de perquisition<\/li><\/ul><p><strong>Cookies et suivi de tiers<\/strong><\/p><p>Pour am\u00e9liorer votre exp\u00e9rience sur le Site et nos efforts de marketing, nous pouvons utiliser des \u00ab cookies \u00bb. Un cookie est un petit fichier texte que le Site peut conserver dans votre navigateur pour m\u00e9moriser vos pr\u00e9f\u00e9rences. Nous pouvons \u00e9galement relier les informations entrepos\u00e9es dans votre navigateur sous forme de cookies avec les donn\u00e9es personnelles de certaines personnes qui se trouvent sur nos serveurs. Si vous configurez votre navigateur Web (par exemple, Internet Explorer ou Google Chrome) de mani\u00e8re \u00e0 ce que les cookies ne soient pas autoris\u00e9s, vous risquez de ne pas pouvoir utiliser certaines ou m\u00eame toutes les fonctionnalit\u00e9s du Site.<\/p><p><strong>i. Google Analytics<\/strong><br \/>Le Site utilise Google Analytics, un service qui transmet les donn\u00e9es de trafic du Site aux serveurs de Google aux \u00c9tats-Unis. Google Analytics n\u2019identifie pas les utilisateurs individuels et n\u2019associe pas votre adresse IP \u00e0 d\u2019autres donn\u00e9es d\u00e9tenues par Google.<\/p><p>Nous utilisons les rapports fournis par Google Analytics pour nous aider \u00e0 comprendre la fr\u00e9quentation du site Web et l\u2019utilisation des pages Web. Vous pouvez consulter la politique de confidentialit\u00e9 de Google \u00e0 l\u2019adresse https:\/\/policies.google.com\/privacy?hl=fr<\/p><p><strong>ii. Google Ads Remarketing<\/strong><br \/>Le Site peut utiliser le service de remarketing Google Ads pour faire de la publicit\u00e9 sur des sites Web tiers. Ce cookie ne vous identifie en rien ni ne donne acc\u00e8s \u00e0 votre appareil de navigation.<\/p><p>Nous pouvons utiliser le service de remarketing de Google pour cibler les publicit\u00e9s en fonction de votre utilisation ant\u00e9rieure du Site lorsque vous visitez d\u2019autres sites du r\u00e9seau Display de Google. Vous pouvez consulter la politique de confidentialit\u00e9 de Google \u00e0 l\u2019adresse https:\/\/policies.google.com\/privacy?hl=fr<\/p><p>Si vous ne souhaitez pas voir nos publicit\u00e9s de remarketing, vous pouvez vous d\u00e9sinscrire de plusieurs mani\u00e8res\u00a0:<\/p><p>1. D\u00e9sactivez l\u2019utilisation des cookies par Google en visitant les param\u00e8tres des annonces de Google \u00e0 l\u2019adresse https:\/\/adssettings.google.com\/authenticated<br \/>2. D\u00e9sactivez l\u2019utilisation des cookies par les fournisseurs tiers en visitant la page de d\u00e9sactivation de la Network Advertising Initiative \u00e0 l\u2019adresse http:\/\/optout.networkadvertising.org<\/p><p><strong>iii. Mailchimp<\/strong><br \/>Nous pouvons utiliser une plateforme tierce pour envoyer des courriels aux utilisateurs qui se sont abonn\u00e9s \u00e0 notre bulletin \u00e9lectronique. Ces courriels incluent des balises de suivi qui peuvent collecter des renseignements personnels sur qui a ouvert le message et l\u2019engagement avec les liens qu\u2019il contient.<\/p><p>Nous pouvons utiliser Mailchimp pour envoyer des bulletins \u00e9lectroniques et utiliser les renseignements personnels collect\u00e9s pour am\u00e9liorer le contenu de ces courriels. Vous pouvez consulter la politique de confidentialit\u00e9 de Mailchimp \u00e0 l\u2019adresse https:\/\/mailchimp.com\/legal\/privacy\/<\/p><p><strong>iv. Facebook Pixel<\/strong><\/p><p>Nous pouvons utiliser Facebook Advertising et Facebook Pixel Remarketing pour vous proposer des publicit\u00e9s et les rendre plus pertinentes pour vous. Vous pouvez d\u00e9sactiver l\u2019utilisation des cookies de Facebook et de Facebook Pixel Remarketing au moyen des param\u00e8tres de votre compte Facebook. Vous pouvez consulter la politique de gestion des donn\u00e9es de Facebook \u00e0 l\u2019adresse https:\/\/fr-fr.facebook.com\/privacy\/policy\/<\/p><p>Les informations recueillies restent anonymes et nous ne pouvons voir aucun renseignement personnel d\u2019un utilisateur individuel. Toutefois, les renseignements recueillis sont enregistr\u00e9s et trait\u00e9s par Facebook. Facebook peut \u00eatre en mesure de connecter les informations \u00e0 votre compte Facebook et de les utiliser \u00e0 ses propres fins publicitaires, conform\u00e9ment \u00e0 sa politique de gestion des donn\u00e9es. Facebook a le contr\u00f4le ultime des informations recueillies par le biais de sa publicit\u00e9, de Facebook Pixel Remarketing et des communications.<\/p><p><strong>Sites de stockage de donn\u00e9es externes<\/strong><\/p><p>Nous pouvons entreposer vos renseignements personnels sur des serveurs fournis par des fournisseurs d\u2019h\u00e9bergement tiers avec lesquels nous avons conclu un contrat.<\/p><p><strong>Vos responsabilit\u00e9s en mati\u00e8re de confidentialit\u00e9 et de protection des donn\u00e9es<\/strong><\/p><p>Pour garantir la confidentialit\u00e9 de vos renseignements personnels, assurez-vous :<\/p><ul><li>De prendre les pr\u00e9cautions n\u00e9cessaires pour vous prot\u00e9ger contre les \u00ab logiciels malveillants \u00bb (virus, cheval de Troie, robots, etc.), par exemple en installant et en mettant \u00e0 jour un logiciel antivirus appropri\u00e9<\/li><\/ul><p><strong>Votre acc\u00e8s \u00e0 vos renseignements personnels et votre contr\u00f4le<\/strong><\/p><p>Vous pouvez choisir \u00e0 tout moment de ne plus recevoir les communications de marketing que nous vous envoyons. Vous pouvez exercer ce droit en cliquant sur le lien \u00ab se d\u00e9sinscrire \u00bb en pied de page de nos bulletins \u00e9lectroniques ou en nous contactant par l\u2019un des moyens figurant \u00e0 la rubrique \u00ab Contact \u00bb au bas de la pr\u00e9sente politique de confidentialit\u00e9.<\/p><p>Vous pouvez \u00e9galement nous contacter en tout temps pour\u00a0:<\/p><ul><li>Consulter les renseignements personnels que nous poss\u00e9dons \u00e0 votre sujet, s\u2019il en est<\/li><li>Modifier ou corriger tout renseignement personnel que nous avons \u00e0 votre sujet<\/li><li>Nous demander de supprimer tout renseignement personnel que nous avons \u00e0 votre sujet<\/li><li>Exprimer toute pr\u00e9occupation ou question que vous pourriez avoir concernant notre utilisation de vos renseignements personnels<\/li><\/ul><p><strong>Nos responsabilit\u00e9s en mati\u00e8re de confidentialit\u00e9 et de protection des donn\u00e9es<\/strong><\/p><p>Nous sommes responsables des renseignements personnels en notre possession et prenons cette responsabilit\u00e9 au s\u00e9rieux. Tous nos employ\u00e9s et sous-traitants sont responsables du respect de cette r\u00e8gle.<\/p><p>Nous prot\u00e9gerons les renseignements personnels par des mesures de s\u00e9curit\u00e9 adapt\u00e9es \u00e0 leur sensibilit\u00e9, dont\u00a0:<\/p><ul><li>Des moyens physiques (par exemple, acc\u00e8s restreint, \u00e9limination appropri\u00e9e des renseignements personnels)<\/li><li>Des moyens organisationnels (par exemple, acc\u00e8s limit\u00e9 aux personnes ayant \u00ab besoin de savoir \u00bb, protocoles de s\u00e9curit\u00e9 par mot de passe)<\/li><li>Des moyens technologiques (par exemple, mots de passe, cryptage)<\/li><li>En nous assurant que les plateformes tierces que nous utilisons ont des politiques de protection de la confidentialit\u00e9 acceptables et conformes aux lois en vigueur<\/li><\/ul><p><strong>Avis aux utilisateurs europ\u00e9ens<\/strong><\/p><p>Nos installations sont situ\u00e9es principalement au Canada. Si vous nous fournissez des renseignements personnels, ils seront transf\u00e9r\u00e9s hors de l\u2019Union europ\u00e9enne au Canada. En nous fournissant des renseignements personnels, vous consentez \u00e0 leur stockage et \u00e0 leur utilisation tel que stipul\u00e9 aux pr\u00e9sentes.<\/p><p><strong>Renseignements recueillis aupr\u00e8s des enfants<\/strong><\/p><p>Vous devez avoir au moins 13 ans pour utiliser le Site. Nous ne recueillons pas sciemment de renseignements personnels aupr\u00e8s d\u2019enfants de moins de 13 ans.<\/p><p>Advenant que apprenions avoir recueilli des renseignements personnels aupr\u00e8s d\u2019une personne de moins de 13 ans, nous les supprimerons d\u00e8s que possible. Les parents ou tuteurs l\u00e9gaux peuvent nous contacter pour demander de supprimer les renseignements de leurs enfants.<\/p><p><strong>Politique de confidentialit\u00e9 strictement en ligne<\/strong><\/p><p>Cette politique de confidentialit\u00e9 s\u2019applique uniquement aux visiteurs du Site et aux destinataires de notre bulletin \u00e9lectronique. Cette politique ne s\u2019applique pas aux renseignements recueillis hors ligne ou dans nos communications et activit\u00e9s commerciales quotidiennes.<\/p><p><strong>Modifications de la pr\u00e9sente politique de confidentialit\u00e9<\/strong><\/p><p>Nous nous r\u00e9servons le droit de modifier cette politique de confidentialit\u00e9 si nous le jugeons n\u00e9cessaire ou appropri\u00e9 en raison d\u2019exigences de conformit\u00e9 l\u00e9gale ou de changements dans nos pratiques commerciales. Il vous incombe de v\u00e9rifier r\u00e9guli\u00e8rement cette politique de confidentialit\u00e9 pour tout changement. Si nous apportons des modifications importantes \u00e0 la mani\u00e8re dont nous recueillons ou utilisons les renseignements personnels nous publierons un avis sur notre site Web et informerons nos abonn\u00e9s de notre bulletin \u00e9lectronique par courriel.<\/p><p><strong>Contact<\/strong><\/p><p>Pour toute question ou remarque sur notre politique de confidentialit\u00e9 ou nos pratiques de collecte et d\u2019utilisation des renseignements personnels, veuillez nous contacter par l\u2019une des m\u00e9thodes suivantes\u00a0:<\/p><ul><li>Courriel\u00a0:\u00a0info@k-rp.com<\/li><li>T\u00e9l\u00e9phone\u00a0: 519\u00a0751-0444<\/li><li>Poste\u00a0: 159 Roy Blvd.<br \/>P.O. Bo\u00eete 2020<br \/>Brantford Ontario, Canada<br \/>N3R 7K1<\/li><\/ul>\t\t\t\t\t\t\t\t<\/div>\n\t\t\t\t<\/div>\n\t\t\t\t<\/div>\n\t\t\t\t\t<\/div>\n\t\t\t\t<\/div>\n\t\t\t\t<\/div>\n\t\t","protected":false},"excerpt":{"rendered":"<p>KeepRite Refrigeration\u00a0(d\u00e9sign\u00e9s aux pr\u00e9sentes par \u00ab\u00a0nous\u00a0\u00bb, \u00ab\u00a0notre\u00a0\u00bb ou \u00ab\u00a0nos\u00a0\u00bb) respectent la vie priv\u00e9e des visiteurs de https:\/\/k-rp.com\u00a0(ci-dessous d\u00e9sign\u00e9 par \u00ab\u00a0le Site\u00a0\u00bb). Cette politique de confidentialit\u00e9 r\u00e9sume les informations que nous pouvons recueillir aupr\u00e8s d\u2019un visiteur (ci-dessous d\u00e9sign\u00e9 par \u00ab\u00a0vous\u00a0\u00bb), les raisons pour lesquelles nous recueillons ces informations, ce que nous en ferons et n\u2019en ferons [&hellip;]<\/p>\n","protected":false},"author":1,"featured_media":0,"parent":0,"menu_order":0,"comment_status":"closed","ping_status":"closed","template":"","meta":{"_acf_changed":false,"footnotes":""},"class_list":["post-36422","page","type-page","status-publish","hentry"],"acf":[],"yoast_head":"<!-- This site is optimized with the Yoast SEO Premium plugin v27.3 (Yoast SEO v27.3) - https:\/\/yoast.com\/product\/yoast-seo-premium-wordpress\/ -->\n<title>Politique de confidentialit\u00e9 | KeepRite Refrigeration<\/title>\n<meta name=\"robots\" content=\"index, follow, max-snippet:-1, max-image-preview:large, max-video-preview:-1\" \/>\n<link rel=\"canonical\" href=\"https:\/\/k-rp.com\/fr\/politique-de-confidentialite\" \/>\n<meta property=\"og:locale\" content=\"fr_FR\" \/>\n<meta property=\"og:type\" content=\"article\" \/>\n<meta property=\"og:title\" content=\"Politique de confidentialit\u00e9\" \/>\n<meta property=\"og:description\" content=\"KeepRite Refrigeration\u00a0(d\u00e9sign\u00e9s aux pr\u00e9sentes par \u00ab\u00a0nous\u00a0\u00bb, \u00ab\u00a0notre\u00a0\u00bb ou \u00ab\u00a0nos\u00a0\u00bb) respectent la vie priv\u00e9e des visiteurs de https:\/\/k-rp.com\u00a0(ci-dessous d\u00e9sign\u00e9 par \u00ab\u00a0le Site\u00a0\u00bb). Cette politique de confidentialit\u00e9 r\u00e9sume les informations que nous pouvons recueillir aupr\u00e8s d\u2019un visiteur (ci-dessous d\u00e9sign\u00e9 par \u00ab\u00a0vous\u00a0\u00bb), les raisons pour lesquelles nous recueillons ces informations, ce que nous en ferons et n\u2019en ferons [&hellip;]\" \/>\n<meta property=\"og:url\" content=\"https:\/\/k-rp.com\/fr\/politique-de-confidentialite\" \/>\n<meta property=\"og:site_name\" content=\"KeepRite Refrigeration\" \/>\n<meta property=\"article:modified_time\" content=\"2025-06-16T21:50:28+00:00\" \/>\n<meta name=\"twitter:card\" content=\"summary_large_image\" \/>\n<meta name=\"twitter:label1\" content=\"Dur\u00e9e de lecture estim\u00e9e\" \/>\n\t<meta name=\"twitter:data1\" content=\"10 minutes\" \/>\n<script type=\"application\/ld+json\" class=\"yoast-schema-graph\">{\"@context\":\"https:\\\/\\\/schema.org\",\"@graph\":[{\"@type\":\"WebPage\",\"@id\":\"https:\\\/\\\/k-rp.com\\\/fr\\\/politique-de-confidentialite\",\"url\":\"https:\\\/\\\/k-rp.com\\\/fr\\\/politique-de-confidentialite\",\"name\":\"Politique de confidentialit\u00e9 | KeepRite Refrigeration\",\"isPartOf\":{\"@id\":\"https:\\\/\\\/k-rp.com\\\/fr#website\"},\"datePublished\":\"2024-07-16T15:03:54+00:00\",\"dateModified\":\"2025-06-16T21:50:28+00:00\",\"breadcrumb\":{\"@id\":\"https:\\\/\\\/k-rp.com\\\/fr\\\/politique-de-confidentialite#breadcrumb\"},\"inLanguage\":\"fr-FR\",\"potentialAction\":[{\"@type\":\"ReadAction\",\"target\":[\"https:\\\/\\\/k-rp.com\\\/fr\\\/politique-de-confidentialite\"]}]},{\"@type\":\"BreadcrumbList\",\"@id\":\"https:\\\/\\\/k-rp.com\\\/fr\\\/politique-de-confidentialite#breadcrumb\",\"itemListElement\":[{\"@type\":\"ListItem\",\"position\":1,\"name\":\"Page d'accueil\",\"item\":\"https:\\\/\\\/k-rp.com\\\/fr\"},{\"@type\":\"ListItem\",\"position\":2,\"name\":\"Politique de confidentialit\u00e9\"}]},{\"@type\":\"WebSite\",\"@id\":\"https:\\\/\\\/k-rp.com\\\/fr#website\",\"url\":\"https:\\\/\\\/k-rp.com\\\/fr\",\"name\":\"KeepRite Refrigeration\",\"description\":\"For 80 years, KeepRite Refrigeration has been a leader in the commercial refrigeration industry, offering solutions that best suit your needs.\",\"publisher\":{\"@id\":\"https:\\\/\\\/k-rp.com\\\/fr#organization\"},\"potentialAction\":[{\"@type\":\"SearchAction\",\"target\":{\"@type\":\"EntryPoint\",\"urlTemplate\":\"https:\\\/\\\/k-rp.com\\\/fr?s={search_term_string}\"},\"query-input\":{\"@type\":\"PropertyValueSpecification\",\"valueRequired\":true,\"valueName\":\"search_term_string\"}}],\"inLanguage\":\"fr-FR\"},{\"@type\":[\"Organization\",\"Place\"],\"@id\":\"https:\\\/\\\/k-rp.com\\\/fr#organization\",\"name\":\"KeepRite Refrigeration\",\"url\":\"https:\\\/\\\/k-rp.com\\\/fr\",\"logo\":{\"@id\":\"https:\\\/\\\/k-rp.com\\\/fr\\\/politique-de-confidentialite#local-main-organization-logo\"},\"image\":{\"@id\":\"https:\\\/\\\/k-rp.com\\\/fr\\\/politique-de-confidentialite#local-main-organization-logo\"},\"telephone\":[],\"openingHoursSpecification\":[{\"@type\":\"OpeningHoursSpecification\",\"dayOfWeek\":[\"Sunday\",\"Monday\",\"Tuesday\",\"Wednesday\",\"Thursday\",\"Friday\",\"Saturday\"],\"opens\":\"09:00\",\"closes\":\"17:00\"}]},{\"@type\":\"ImageObject\",\"inLanguage\":\"fr-FR\",\"@id\":\"https:\\\/\\\/k-rp.com\\\/fr\\\/politique-de-confidentialite#local-main-organization-logo\",\"url\":\"https:\\\/\\\/k-rp.com\\\/assets\\\/uploads\\\/product-logo.png\",\"contentUrl\":\"https:\\\/\\\/k-rp.com\\\/assets\\\/uploads\\\/product-logo.png\",\"width\":1000,\"height\":650,\"caption\":\"KeepRite Refrigeration\"}]}<\/script>\n<!-- \/ Yoast SEO Premium plugin. -->","yoast_head_json":{"title":"Politique de confidentialit\u00e9 | KeepRite Refrigeration","robots":{"index":"index","follow":"follow","max-snippet":"max-snippet:-1","max-image-preview":"max-image-preview:large","max-video-preview":"max-video-preview:-1"},"canonical":"https:\/\/k-rp.com\/fr\/politique-de-confidentialite","og_locale":"fr_FR","og_type":"article","og_title":"Politique de confidentialit\u00e9","og_description":"KeepRite Refrigeration\u00a0(d\u00e9sign\u00e9s aux pr\u00e9sentes par \u00ab\u00a0nous\u00a0\u00bb, \u00ab\u00a0notre\u00a0\u00bb ou \u00ab\u00a0nos\u00a0\u00bb) respectent la vie priv\u00e9e des visiteurs de https:\/\/k-rp.com\u00a0(ci-dessous d\u00e9sign\u00e9 par \u00ab\u00a0le Site\u00a0\u00bb). Cette politique de confidentialit\u00e9 r\u00e9sume les informations que nous pouvons recueillir aupr\u00e8s d\u2019un visiteur (ci-dessous d\u00e9sign\u00e9 par \u00ab\u00a0vous\u00a0\u00bb), les raisons pour lesquelles nous recueillons ces informations, ce que nous en ferons et n\u2019en ferons [&hellip;]","og_url":"https:\/\/k-rp.com\/fr\/politique-de-confidentialite","og_site_name":"KeepRite Refrigeration","article_modified_time":"2025-06-16T21:50:28+00:00","twitter_card":"summary_large_image","twitter_misc":{"Dur\u00e9e de lecture estim\u00e9e":"10 minutes"},"schema":{"@context":"https:\/\/schema.org","@graph":[{"@type":"WebPage","@id":"https:\/\/k-rp.com\/fr\/politique-de-confidentialite","url":"https:\/\/k-rp.com\/fr\/politique-de-confidentialite","name":"Politique de confidentialit\u00e9 | KeepRite Refrigeration","isPartOf":{"@id":"https:\/\/k-rp.com\/fr#website"},"datePublished":"2024-07-16T15:03:54+00:00","dateModified":"2025-06-16T21:50:28+00:00","breadcrumb":{"@id":"https:\/\/k-rp.com\/fr\/politique-de-confidentialite#breadcrumb"},"inLanguage":"fr-FR","potentialAction":[{"@type":"ReadAction","target":["https:\/\/k-rp.com\/fr\/politique-de-confidentialite"]}]},{"@type":"BreadcrumbList","@id":"https:\/\/k-rp.com\/fr\/politique-de-confidentialite#breadcrumb","itemListElement":[{"@type":"ListItem","position":1,"name":"Page d'accueil","item":"https:\/\/k-rp.com\/fr"},{"@type":"ListItem","position":2,"name":"Politique de confidentialit\u00e9"}]},{"@type":"WebSite","@id":"https:\/\/k-rp.com\/fr#website","url":"https:\/\/k-rp.com\/fr","name":"KeepRite Refrigeration","description":"For 80 years, KeepRite Refrigeration has been a leader in the commercial refrigeration industry, offering solutions that best suit your needs.","publisher":{"@id":"https:\/\/k-rp.com\/fr#organization"},"potentialAction":[{"@type":"SearchAction","target":{"@type":"EntryPoint","urlTemplate":"https:\/\/k-rp.com\/fr?s={search_term_string}"},"query-input":{"@type":"PropertyValueSpecification","valueRequired":true,"valueName":"search_term_string"}}],"inLanguage":"fr-FR"},{"@type":["Organization","Place"],"@id":"https:\/\/k-rp.com\/fr#organization","name":"KeepRite Refrigeration","url":"https:\/\/k-rp.com\/fr","logo":{"@id":"https:\/\/k-rp.com\/fr\/politique-de-confidentialite#local-main-organization-logo"},"image":{"@id":"https:\/\/k-rp.com\/fr\/politique-de-confidentialite#local-main-organization-logo"},"telephone":[],"openingHoursSpecification":[{"@type":"OpeningHoursSpecification","dayOfWeek":["Sunday","Monday","Tuesday","Wednesday","Thursday","Friday","Saturday"],"opens":"09:00","closes":"17:00"}]},{"@type":"ImageObject","inLanguage":"fr-FR","@id":"https:\/\/k-rp.com\/fr\/politique-de-confidentialite#local-main-organization-logo","url":"https:\/\/k-rp.com\/assets\/uploads\/product-logo.png","contentUrl":"https:\/\/k-rp.com\/assets\/uploads\/product-logo.png","width":1000,"height":650,"caption":"KeepRite Refrigeration"}]}},"_links":{"self":[{"href":"https:\/\/k-rp.com\/fr\/wp-json\/wp\/v2\/pages\/36422","targetHints":{"allow":["GET"]}}],"collection":[{"href":"https:\/\/k-rp.com\/fr\/wp-json\/wp\/v2\/pages"}],"about":[{"href":"https:\/\/k-rp.com\/fr\/wp-json\/wp\/v2\/types\/page"}],"author":[{"embeddable":true,"href":"https:\/\/k-rp.com\/fr\/wp-json\/wp\/v2\/users\/1"}],"replies":[{"embeddable":true,"href":"https:\/\/k-rp.com\/fr\/wp-json\/wp\/v2\/comments?post=36422"}],"version-history":[{"count":4,"href":"https:\/\/k-rp.com\/fr\/wp-json\/wp\/v2\/pages\/36422\/revisions"}],"predecessor-version":[{"id":39227,"href":"https:\/\/k-rp.com\/fr\/wp-json\/wp\/v2\/pages\/36422\/revisions\/39227"}],"wp:attachment":[{"href":"https:\/\/k-rp.com\/fr\/wp-json\/wp\/v2\/media?parent=36422"}],"curies":[{"name":"wp","href":"https:\/\/api.w.org\/{rel}","templated":true}]}}