{"id":36362,"date":"2024-04-11T12:45:00","date_gmt":"2024-04-11T16:45:00","guid":{"rendered":"https:\/\/krp.stageweb.net\/product\/kmr-rcuprateur-de-chaleur-profil-moyen"},"modified":"2025-07-02T17:43:23","modified_gmt":"2025-07-02T21:43:23","slug":"kmr-recuperateur-de-chaleur-a-profil-moyen","status":"publish","type":"product","link":"https:\/\/k-rp.com\/fr\/product\/kmr-recuperateur-de-chaleur-a-profil-moyen","title":{"rendered":"KMR \u2013 R\u00e9cup\u00e9rateur de chaleur \u00e0 profil moyen"},"featured_media":3057,"parent":0,"template":"","meta":{"_acf_changed":false},"model-series":[75],"product-category":[214],"class_list":["post-36362","product","type-product","status-publish","has-post-thumbnail","hentry","model-series-kmr","product-category-recuperateurs-de-chaleur"],"acf":[],"yoast_head":"<!-- This site is optimized with the Yoast SEO Premium plugin v27.3 (Yoast SEO v27.3) - https:\/\/yoast.com\/product\/yoast-seo-premium-wordpress\/ -->\n<title>KMR \u2013 R\u00e9cup\u00e9rateur de chaleur \u00e0 profil moyen | KeepRite Refrigeration<\/title>\n<meta name=\"robots\" content=\"index, follow, max-snippet:-1, max-image-preview:large, max-video-preview:-1\" \/>\n<link rel=\"canonical\" href=\"https:\/\/k-rp.com\/fr\/product\/kmr-recuperateur-de-chaleur-a-profil-moyen\" \/>\n<meta property=\"og:locale\" content=\"fr_FR\" \/>\n<meta property=\"og:type\" content=\"article\" \/>\n<meta property=\"og:title\" content=\"KMR \u2013 R\u00e9cup\u00e9rateur de chaleur \u00e0 profil moyen\" \/>\n<meta property=\"og:url\" content=\"https:\/\/k-rp.com\/fr\/product\/kmr-recuperateur-de-chaleur-a-profil-moyen\" \/>\n<meta property=\"og:site_name\" content=\"KeepRite Refrigeration\" \/>\n<meta property=\"article:modified_time\" content=\"2025-07-02T21:43:23+00:00\" \/>\n<meta property=\"og:image\" content=\"https:\/\/k-rp.com\/assets\/uploads\/kmr-medium-profile-heat-reclaim-product-image.png\" \/>\n\t<meta property=\"og:image:width\" content=\"1000\" \/>\n\t<meta property=\"og:image:height\" content=\"650\" \/>\n\t<meta property=\"og:image:type\" content=\"image\/png\" \/>\n<meta name=\"twitter:card\" content=\"summary_large_image\" \/>\n<meta name=\"twitter:label1\" content=\"Dur\u00e9e de lecture estim\u00e9e\" \/>\n\t<meta name=\"twitter:data1\" content=\"1 minute\" \/>\n<script type=\"application\/ld+json\" class=\"yoast-schema-graph\">{\"@context\":\"https:\\\/\\\/schema.org\",\"@graph\":[{\"@type\":\"WebPage\",\"@id\":\"https:\\\/\\\/k-rp.com\\\/fr\\\/product\\\/kmr-recuperateur-de-chaleur-a-profil-moyen\",\"url\":\"https:\\\/\\\/k-rp.com\\\/fr\\\/product\\\/kmr-recuperateur-de-chaleur-a-profil-moyen\",\"name\":\"KMR \u2013 R\u00e9cup\u00e9rateur de chaleur \u00e0 profil moyen | KeepRite Refrigeration\",\"isPartOf\":{\"@id\":\"https:\\\/\\\/k-rp.com\\\/fr#website\"},\"primaryImageOfPage\":{\"@id\":\"https:\\\/\\\/k-rp.com\\\/fr\\\/product\\\/kmr-recuperateur-de-chaleur-a-profil-moyen#primaryimage\"},\"image\":{\"@id\":\"https:\\\/\\\/k-rp.com\\\/fr\\\/product\\\/kmr-recuperateur-de-chaleur-a-profil-moyen#primaryimage\"},\"thumbnailUrl\":\"https:\\\/\\\/k-rp.com\\\/assets\\\/uploads\\\/kmr-medium-profile-heat-reclaim-product-image.png\",\"datePublished\":\"2024-04-11T16:45:00+00:00\",\"dateModified\":\"2025-07-02T21:43:23+00:00\",\"breadcrumb\":{\"@id\":\"https:\\\/\\\/k-rp.com\\\/fr\\\/product\\\/kmr-recuperateur-de-chaleur-a-profil-moyen#breadcrumb\"},\"inLanguage\":\"fr-FR\",\"potentialAction\":[{\"@type\":\"ReadAction\",\"target\":[\"https:\\\/\\\/k-rp.com\\\/fr\\\/product\\\/kmr-recuperateur-de-chaleur-a-profil-moyen\"]}]},{\"@type\":\"ImageObject\",\"inLanguage\":\"fr-FR\",\"@id\":\"https:\\\/\\\/k-rp.com\\\/fr\\\/product\\\/kmr-recuperateur-de-chaleur-a-profil-moyen#primaryimage\",\"url\":\"https:\\\/\\\/k-rp.com\\\/assets\\\/uploads\\\/kmr-medium-profile-heat-reclaim-product-image.png\",\"contentUrl\":\"https:\\\/\\\/k-rp.com\\\/assets\\\/uploads\\\/kmr-medium-profile-heat-reclaim-product-image.png\",\"width\":1000,\"height\":650},{\"@type\":\"BreadcrumbList\",\"@id\":\"https:\\\/\\\/k-rp.com\\\/fr\\\/product\\\/kmr-recuperateur-de-chaleur-a-profil-moyen#breadcrumb\",\"itemListElement\":[{\"@type\":\"ListItem\",\"position\":1,\"name\":\"Page d'accueil\",\"item\":\"https:\\\/\\\/k-rp.com\\\/fr\"},{\"@type\":\"ListItem\",\"position\":2,\"name\":\"R\u00e9cup\u00e9rateurs de chaleur\",\"item\":\"https:\\\/\\\/k-rp.com\\\/fr\\\/product-category\\\/recuperateurs-de-chaleur\"},{\"@type\":\"ListItem\",\"position\":3,\"name\":\"KMR \u2013 R\u00e9cup\u00e9rateur de chaleur \u00e0 profil moyen\"}]},{\"@type\":\"WebSite\",\"@id\":\"https:\\\/\\\/k-rp.com\\\/fr#website\",\"url\":\"https:\\\/\\\/k-rp.com\\\/fr\",\"name\":\"KeepRite Refrigeration\",\"description\":\"For 80 years, KeepRite Refrigeration has been a leader in the commercial refrigeration industry, offering solutions that best suit your needs.\",\"publisher\":{\"@id\":\"https:\\\/\\\/k-rp.com\\\/fr#organization\"},\"potentialAction\":[{\"@type\":\"SearchAction\",\"target\":{\"@type\":\"EntryPoint\",\"urlTemplate\":\"https:\\\/\\\/k-rp.com\\\/fr?s={search_term_string}\"},\"query-input\":{\"@type\":\"PropertyValueSpecification\",\"valueRequired\":true,\"valueName\":\"search_term_string\"}}],\"inLanguage\":\"fr-FR\"},{\"@type\":[\"Organization\",\"Place\"],\"@id\":\"https:\\\/\\\/k-rp.com\\\/fr#organization\",\"name\":\"KeepRite Refrigeration\",\"url\":\"https:\\\/\\\/k-rp.com\\\/fr\",\"logo\":{\"@id\":\"https:\\\/\\\/k-rp.com\\\/fr\\\/product\\\/kmr-recuperateur-de-chaleur-a-profil-moyen#local-main-organization-logo\"},\"image\":{\"@id\":\"https:\\\/\\\/k-rp.com\\\/fr\\\/product\\\/kmr-recuperateur-de-chaleur-a-profil-moyen#local-main-organization-logo\"},\"telephone\":[],\"openingHoursSpecification\":[{\"@type\":\"OpeningHoursSpecification\",\"dayOfWeek\":[\"Sunday\",\"Monday\",\"Tuesday\",\"Wednesday\",\"Thursday\",\"Friday\",\"Saturday\"],\"opens\":\"09:00\",\"closes\":\"17:00\"}]},{\"@type\":\"ImageObject\",\"inLanguage\":\"fr-FR\",\"@id\":\"https:\\\/\\\/k-rp.com\\\/fr\\\/product\\\/kmr-recuperateur-de-chaleur-a-profil-moyen#local-main-organization-logo\",\"url\":\"https:\\\/\\\/k-rp.com\\\/assets\\\/uploads\\\/product-logo.png\",\"contentUrl\":\"https:\\\/\\\/k-rp.com\\\/assets\\\/uploads\\\/product-logo.png\",\"width\":1000,\"height\":650,\"caption\":\"KeepRite Refrigeration\"}]}<\/script>\n<!-- \/ Yoast SEO Premium plugin. -->","yoast_head_json":{"title":"KMR \u2013 R\u00e9cup\u00e9rateur de chaleur \u00e0 profil moyen | KeepRite Refrigeration","robots":{"index":"index","follow":"follow","max-snippet":"max-snippet:-1","max-image-preview":"max-image-preview:large","max-video-preview":"max-video-preview:-1"},"canonical":"https:\/\/k-rp.com\/fr\/product\/kmr-recuperateur-de-chaleur-a-profil-moyen","og_locale":"fr_FR","og_type":"article","og_title":"KMR \u2013 R\u00e9cup\u00e9rateur de chaleur \u00e0 profil moyen","og_url":"https:\/\/k-rp.com\/fr\/product\/kmr-recuperateur-de-chaleur-a-profil-moyen","og_site_name":"KeepRite Refrigeration","article_modified_time":"2025-07-02T21:43:23+00:00","og_image":[{"width":1000,"height":650,"url":"https:\/\/k-rp.com\/assets\/uploads\/kmr-medium-profile-heat-reclaim-product-image.png","type":"image\/png"}],"twitter_card":"summary_large_image","twitter_misc":{"Dur\u00e9e de lecture estim\u00e9e":"1 minute"},"schema":{"@context":"https:\/\/schema.org","@graph":[{"@type":"WebPage","@id":"https:\/\/k-rp.com\/fr\/product\/kmr-recuperateur-de-chaleur-a-profil-moyen","url":"https:\/\/k-rp.com\/fr\/product\/kmr-recuperateur-de-chaleur-a-profil-moyen","name":"KMR \u2013 R\u00e9cup\u00e9rateur de chaleur \u00e0 profil moyen | KeepRite Refrigeration","isPartOf":{"@id":"https:\/\/k-rp.com\/fr#website"},"primaryImageOfPage":{"@id":"https:\/\/k-rp.com\/fr\/product\/kmr-recuperateur-de-chaleur-a-profil-moyen#primaryimage"},"image":{"@id":"https:\/\/k-rp.com\/fr\/product\/kmr-recuperateur-de-chaleur-a-profil-moyen#primaryimage"},"thumbnailUrl":"https:\/\/k-rp.com\/assets\/uploads\/kmr-medium-profile-heat-reclaim-product-image.png","datePublished":"2024-04-11T16:45:00+00:00","dateModified":"2025-07-02T21:43:23+00:00","breadcrumb":{"@id":"https:\/\/k-rp.com\/fr\/product\/kmr-recuperateur-de-chaleur-a-profil-moyen#breadcrumb"},"inLanguage":"fr-FR","potentialAction":[{"@type":"ReadAction","target":["https:\/\/k-rp.com\/fr\/product\/kmr-recuperateur-de-chaleur-a-profil-moyen"]}]},{"@type":"ImageObject","inLanguage":"fr-FR","@id":"https:\/\/k-rp.com\/fr\/product\/kmr-recuperateur-de-chaleur-a-profil-moyen#primaryimage","url":"https:\/\/k-rp.com\/assets\/uploads\/kmr-medium-profile-heat-reclaim-product-image.png","contentUrl":"https:\/\/k-rp.com\/assets\/uploads\/kmr-medium-profile-heat-reclaim-product-image.png","width":1000,"height":650},{"@type":"BreadcrumbList","@id":"https:\/\/k-rp.com\/fr\/product\/kmr-recuperateur-de-chaleur-a-profil-moyen#breadcrumb","itemListElement":[{"@type":"ListItem","position":1,"name":"Page d'accueil","item":"https:\/\/k-rp.com\/fr"},{"@type":"ListItem","position":2,"name":"R\u00e9cup\u00e9rateurs de chaleur","item":"https:\/\/k-rp.com\/fr\/product-category\/recuperateurs-de-chaleur"},{"@type":"ListItem","position":3,"name":"KMR \u2013 R\u00e9cup\u00e9rateur de chaleur \u00e0 profil moyen"}]},{"@type":"WebSite","@id":"https:\/\/k-rp.com\/fr#website","url":"https:\/\/k-rp.com\/fr","name":"KeepRite Refrigeration","description":"For 80 years, KeepRite Refrigeration has been a leader in the commercial refrigeration industry, offering solutions that best suit your needs.","publisher":{"@id":"https:\/\/k-rp.com\/fr#organization"},"potentialAction":[{"@type":"SearchAction","target":{"@type":"EntryPoint","urlTemplate":"https:\/\/k-rp.com\/fr?s={search_term_string}"},"query-input":{"@type":"PropertyValueSpecification","valueRequired":true,"valueName":"search_term_string"}}],"inLanguage":"fr-FR"},{"@type":["Organization","Place"],"@id":"https:\/\/k-rp.com\/fr#organization","name":"KeepRite Refrigeration","url":"https:\/\/k-rp.com\/fr","logo":{"@id":"https:\/\/k-rp.com\/fr\/product\/kmr-recuperateur-de-chaleur-a-profil-moyen#local-main-organization-logo"},"image":{"@id":"https:\/\/k-rp.com\/fr\/product\/kmr-recuperateur-de-chaleur-a-profil-moyen#local-main-organization-logo"},"telephone":[],"openingHoursSpecification":[{"@type":"OpeningHoursSpecification","dayOfWeek":["Sunday","Monday","Tuesday","Wednesday","Thursday","Friday","Saturday"],"opens":"09:00","closes":"17:00"}]},{"@type":"ImageObject","inLanguage":"fr-FR","@id":"https:\/\/k-rp.com\/fr\/product\/kmr-recuperateur-de-chaleur-a-profil-moyen#local-main-organization-logo","url":"https:\/\/k-rp.com\/assets\/uploads\/product-logo.png","contentUrl":"https:\/\/k-rp.com\/assets\/uploads\/product-logo.png","width":1000,"height":650,"caption":"KeepRite Refrigeration"}]}},"_links":{"self":[{"href":"https:\/\/k-rp.com\/fr\/wp-json\/wp\/v2\/product\/36362","targetHints":{"allow":["GET"]}}],"collection":[{"href":"https:\/\/k-rp.com\/fr\/wp-json\/wp\/v2\/product"}],"about":[{"href":"https:\/\/k-rp.com\/fr\/wp-json\/wp\/v2\/types\/product"}],"wp:featuredmedia":[{"embeddable":true,"href":"https:\/\/k-rp.com\/fr\/wp-json\/wp\/v2\/media\/3057"}],"wp:attachment":[{"href":"https:\/\/k-rp.com\/fr\/wp-json\/wp\/v2\/media?parent=36362"}],"wp:term":[{"taxonomy":"model-series","embeddable":true,"href":"https:\/\/k-rp.com\/fr\/wp-json\/wp\/v2\/model-series?post=36362"},{"taxonomy":"product-category","embeddable":true,"href":"https:\/\/k-rp.com\/fr\/wp-json\/wp\/v2\/product-category?post=36362"}],"curies":[{"name":"wp","href":"https:\/\/api.w.org\/{rel}","templated":true}]}}